{"id":115,"date":"2010-09-28T11:47:50","date_gmt":"2010-09-28T09:47:50","guid":{"rendered":"http:\/\/norabussenius.theaterblogs.de\/?page_id=3"},"modified":"2023-06-05T13:46:04","modified_gmt":"2023-06-05T11:46:04","slug":"ueber-mich","status":"publish","type":"page","link":"http:\/\/norabussenius.de\/?page_id=115","title":{"rendered":"\u00dcber mich"},"content":{"rendered":"<p style=\"text-align: center;\" align=\"left\"><a href=\"http:\/\/norabussenius.de\/wp-content\/uploads\/2010\/09\/2010-08-08-152.jpg\"><img loading=\"lazy\" decoding=\"async\" class=\"size-medium wp-image-129 aligncenter\" src=\"http:\/\/norabussenius.de\/wp-content\/uploads\/2010\/09\/2010-08-08-152-248x300.jpg\" alt=\"2010-08-08-152\" width=\"248\" height=\"300\" srcset=\"http:\/\/norabussenius.de\/wp-content\/uploads\/2010\/09\/2010-08-08-152-248x300.jpg 248w, http:\/\/norabussenius.de\/wp-content\/uploads\/2010\/09\/2010-08-08-152.jpg 566w\" sizes=\"(max-width: 248px) 100vw, 248px\" \/><\/a><\/p>\n<p><span style=\"color: #ffffff;\">Nora Bussenius, 1982 in Ost Berlin geboren, studierte Schauspiel- und Opernregie an der Bayerischen Theaterakademie August Everding in M\u00fcnchen. Noch w\u00e4hrend des Studiums nimmt Hans Neuenfels sie als Regiemitarbeiterin mit ans Schauspiel K\u00f6ln, wo sie ab der Spielzeit 2007\/08 bis 2011\/12 feste Assistentin ist und u.a. mit Karin Beier, Nicolas Stemann, Alvis Hermanis und Anna Viebrock zusammenarbeitet. Sie ist Teil der STE (Schnelle Theatrale Eingreiftruppe) von Nicolas Stemann, mit der sie auf und hinter der B\u00fchne u.a. in Wien, Hamburg, Berlin, M\u00fcnchen, Lausanne, Paris, Athen arbeitet.<\/span><br \/>\n<span style=\"color: #ffffff;\"> Am Schauspiel K\u00f6ln wurde ihr die Urauff\u00fchrung \u201eSchattenstimmen\u201c von Zaimoglu\/Senkel anvertraut. Seit dieser Produktion verbindet sie eine enge Zusammenarbeit mit dem Kost\u00fcm- und B\u00fchnenbildner Sebastian Ellrich, mit dem sie auch die darauf folgenden Projekte am Jungen Schauspiel D\u00fcsseldorf, HAU Berlin, Staatstheater Darmstadt, Staatstheater Oldenburg, Staatstheater Mainz, Schauspiel K\u00f6ln, Schauspiel Chemnitz, Theater Bielefeld, Theater Heidelberg, Theater Konstanz u.a. realisierte.<\/span><br \/>\n<span style=\"color: #ffffff;\"> Ihre UA-Inszenierung \u00bbUndine, die kleine Meerjungfrau\u00ab von Franziska Steiof wurde zu den M\u00fchlheimer Theatertagen eingeladen und f\u00fcr den Deutschen Kindertheaterpreis nominiert. Die Urauff\u00fchrung \u201eDer goldene Ronny\u201c von Daniel Ratthei wurde f\u00fcr den Heidelberger St\u00fcckemarkt ausgew\u00e4hlt. Bei den Bayerischen Theatertagen gewann \u201ePiaf\u201c von Pit Holzwarth unter ihrer Regie den 2. Preis der Zuschauer. Ihre\u00a0 Urauff\u00fchrungsinszenierung &#8222;Miyu&#8220; von Flo Staffelmayr wurde zu den Baden-W\u00fcrttembergischen Theatertagen eingeladen.<\/span><\/p>\n<p align=\"left\"><span style=\"color: #c0c0c0;\">\u00a0<\/span><\/p>\n<p>Portr\u00e4t ver\u00f6ffentlicht in &#8222;Theater der Zeit&#8220; 2014,<\/p>\n<p><a href=\"http:\/\/norabussenius.de\/?page_id=445 \">Look out: Dunkel ist der Weltraum<\/a><\/p>\n<p>Die Regisseurin Nora Bussenius l\u00e4sst ihre Figuren mal feingliedrig differenziert, mal knallhart zwischen Leben und Tod man\u00f6vrieren<\/p>\n<p>Artikel ver\u00f6ffentlicht in <strong>&#8222;Theater der Zeit&#8220;<\/strong> 2009,<\/p>\n<p><a title=\"Jung sein ist nicht abendf\u00fcllend oder: immer sch\u00f6n neugierig bleiben\" href=\"http:\/\/norabussenius.theaterblogs.de\/?page_id=46\"><strong>Jung sein ist nicht abendf\u00fcllend oder: immer sch\u00f6n neugierig bleiben<\/strong><\/a><\/p>\n<p>Ein Briefwechsel mit Stefan Fischer-Fels, Intendant des Jungen Schauspiels D\u00fcsseldorf, \u00fcber die &#8222;next generation&#8220; und das Kinder- und Jugendtheater<\/p>\n","protected":false},"excerpt":{"rendered":"<p>Nora Bussenius, 1982 in Ost Berlin geboren, studierte Schauspiel- und Opernregie an der Bayerischen Theaterakademie&#8230;<\/p>\n","protected":false},"author":1,"featured_media":129,"parent":0,"menu_order":0,"comment_status":"closed","ping_status":"closed","template":"","meta":{"footnotes":""},"_links":{"self":[{"href":"http:\/\/norabussenius.de\/index.php?rest_route=\/wp\/v2\/pages\/115"}],"collection":[{"href":"http:\/\/norabussenius.de\/index.php?rest_route=\/wp\/v2\/pages"}],"about":[{"href":"http:\/\/norabussenius.de\/index.php?rest_route=\/wp\/v2\/types\/page"}],"author":[{"embeddable":true,"href":"http:\/\/norabussenius.de\/index.php?rest_route=\/wp\/v2\/users\/1"}],"replies":[{"embeddable":true,"href":"http:\/\/norabussenius.de\/index.php?rest_route=%2Fwp%2Fv2%2Fcomments&post=115"}],"version-history":[{"count":16,"href":"http:\/\/norabussenius.de\/index.php?rest_route=\/wp\/v2\/pages\/115\/revisions"}],"predecessor-version":[{"id":696,"href":"http:\/\/norabussenius.de\/index.php?rest_route=\/wp\/v2\/pages\/115\/revisions\/696"}],"wp:featuredmedia":[{"embeddable":true,"href":"http:\/\/norabussenius.de\/index.php?rest_route=\/wp\/v2\/media\/129"}],"wp:attachment":[{"href":"http:\/\/norabussenius.de\/index.php?rest_route=%2Fwp%2Fv2%2Fmedia&parent=115"}],"curies":[{"name":"wp","href":"https:\/\/api.w.org\/{rel}","templated":true}]}}