{"id":492,"date":"2015-01-29T12:23:52","date_gmt":"2015-01-29T10:23:52","guid":{"rendered":"http:\/\/norabussenius.de\/?page_id=492"},"modified":"2024-02-16T16:15:47","modified_gmt":"2024-02-16T14:15:47","slug":"kinder-und-jugendtheater","status":"publish","type":"page","link":"http:\/\/norabussenius.de\/?page_id=492","title":{"rendered":"Kinder- und Jugendtheater"},"content":{"rendered":"\n<figure class=\"wp-block-image size-large\"><img loading=\"lazy\" decoding=\"async\" width=\"1024\" height=\"673\" src=\"http:\/\/norabussenius.de\/wp-content\/uploads\/2023\/06\/Bildschirmfoto-2023-06-05-um-13.31.58-1024x673.png\" alt=\"\" class=\"wp-image-687\" srcset=\"http:\/\/norabussenius.de\/wp-content\/uploads\/2023\/06\/Bildschirmfoto-2023-06-05-um-13.31.58-1024x673.png 1024w, http:\/\/norabussenius.de\/wp-content\/uploads\/2023\/06\/Bildschirmfoto-2023-06-05-um-13.31.58-300x197.png 300w, http:\/\/norabussenius.de\/wp-content\/uploads\/2023\/06\/Bildschirmfoto-2023-06-05-um-13.31.58-768x504.png 768w, http:\/\/norabussenius.de\/wp-content\/uploads\/2023\/06\/Bildschirmfoto-2023-06-05-um-13.31.58.png 1218w\" sizes=\"(max-width: 1024px) 100vw, 1024px\" \/><figcaption>UA Das Neinhorn, Theater der jungen Welt Leipzig<br><br><br><\/figcaption><\/figure>\n\n\n\n<figure class=\"wp-block-image size-large\"><a href=\"https:\/\/www.youtube.com\/watch?v=cqJkmxDAH2A\"><img loading=\"lazy\" decoding=\"async\" width=\"1024\" height=\"697\" src=\"http:\/\/norabussenius.de\/wp-content\/uploads\/2023\/06\/Bildschirmfoto-2023-06-05-um-13.34.42-1024x697.png\" alt=\"\" class=\"wp-image-689\" srcset=\"http:\/\/norabussenius.de\/wp-content\/uploads\/2023\/06\/Bildschirmfoto-2023-06-05-um-13.34.42-1024x697.png 1024w, http:\/\/norabussenius.de\/wp-content\/uploads\/2023\/06\/Bildschirmfoto-2023-06-05-um-13.34.42-300x204.png 300w, http:\/\/norabussenius.de\/wp-content\/uploads\/2023\/06\/Bildschirmfoto-2023-06-05-um-13.34.42-768x522.png 768w, http:\/\/norabussenius.de\/wp-content\/uploads\/2023\/06\/Bildschirmfoto-2023-06-05-um-13.34.42-220x150.png 220w, http:\/\/norabussenius.de\/wp-content\/uploads\/2023\/06\/Bildschirmfoto-2023-06-05-um-13.34.42.png 1176w\" sizes=\"(max-width: 1024px) 100vw, 1024px\" \/><\/a><figcaption>Peterchens Mondfahrt, Staatstheater Kassel, <a href=\"https:\/\/www.youtube.com\/watch?v=cqJkmxDAH2A\">Trailer<\/a><br><br><br><\/figcaption><\/figure>\n\n\n<p><a href=\"http:\/\/norabussenius.de\/wp-content\/uploads\/2020\/09\/Einladung-Kleine-Hexe.png\"><img loading=\"lazy\" decoding=\"async\" class=\"alignnone size-medium wp-image-647\" src=\"http:\/\/norabussenius.de\/wp-content\/uploads\/2020\/09\/Einladung-Kleine-Hexe-300x210.png\" alt=\"\" width=\"300\" height=\"210\" srcset=\"http:\/\/norabussenius.de\/wp-content\/uploads\/2020\/09\/Einladung-Kleine-Hexe-300x210.png 300w, http:\/\/norabussenius.de\/wp-content\/uploads\/2020\/09\/Einladung-Kleine-Hexe-1024x718.png 1024w, http:\/\/norabussenius.de\/wp-content\/uploads\/2020\/09\/Einladung-Kleine-Hexe-768x539.png 768w, http:\/\/norabussenius.de\/wp-content\/uploads\/2020\/09\/Einladung-Kleine-Hexe.png 1139w\" sizes=\"(max-width: 300px) 100vw, 300px\" \/><\/a><\/p>\n<p><span style=\"color: #ffffff;\"><a style=\"color: #ffffff;\" href=\"https:\/\/vimeo.com\/373886705?utm_source=email&amp;utm_medium=vimeo-cliptranscode-201504&amp;utm_campaign=29220\">&#8222;Die kleine Hexe&#8220; am Landestheater der Altmark\u00a0\u00a0\u00a0\u00a0\u00a0\u00a0\u00a0\u00a0\u00a0\u00a0\u00a0\u00a0\u00a0\u00a0\u00a0\u00a0\u00a0\u00a0\u00a0\u00a0\u00a0\u00a0\u00a0\u00a0\u00a0\u00a0\u00a0\u00a0\u00a0\u00a0\u00a0\u00a0\u00a0\u00a0\u00a0\u00a0\u00a0\u00a0\u00a0\u00a0\u00a0\u00a0 Trailer Hexe<\/a><\/span><\/p>\n<p><a href=\"http:\/\/norabussenius.de\/wp-content\/uploads\/2020\/09\/Mail-Anhang.png\"><img loading=\"lazy\" decoding=\"async\" class=\"alignnone size-medium wp-image-635\" src=\"http:\/\/norabussenius.de\/wp-content\/uploads\/2020\/09\/Mail-Anhang-300x92.png\" alt=\"\" width=\"300\" height=\"92\" srcset=\"http:\/\/norabussenius.de\/wp-content\/uploads\/2020\/09\/Mail-Anhang-300x92.png 300w, http:\/\/norabussenius.de\/wp-content\/uploads\/2020\/09\/Mail-Anhang-1024x313.png 1024w, http:\/\/norabussenius.de\/wp-content\/uploads\/2020\/09\/Mail-Anhang-768x235.png 768w, http:\/\/norabussenius.de\/wp-content\/uploads\/2020\/09\/Mail-Anhang.png 1188w\" sizes=\"(max-width: 300px) 100vw, 300px\" \/><\/a><\/p>\n<p><a href=\"https:\/\/www.youtube.com\/watch?v=MlvObb6syjs&amp;feature=youtu.be\"><span style=\"color: #ffffff;\">&#8222;Sagt der Walfisch zum Thunfisch&#8220; am Theater Konstanz\u00a0\u00a0\u00a0\u00a0\u00a0\u00a0\u00a0\u00a0\u00a0\u00a0\u00a0\u00a0\u00a0\u00a0\u00a0\u00a0\u00a0\u00a0\u00a0\u00a0\u00a0\u00a0\u00a0\u00a0\u00a0\u00a0\u00a0\u00a0\u00a0\u00a0\u00a0\u00a0 Walfisch-Trailer<\/span><\/a><\/p>\n<p><a href=\"http:\/\/norabussenius.de\/wp-content\/uploads\/2019\/06\/Bildschirmfoto-2019-05-15-um-22.20.52.png\"><img loading=\"lazy\" decoding=\"async\" class=\"alignnone size-medium wp-image-622\" src=\"http:\/\/norabussenius.de\/wp-content\/uploads\/2019\/06\/Bildschirmfoto-2019-05-15-um-22.20.52-300x130.png\" alt=\"\" width=\"300\" height=\"130\" srcset=\"http:\/\/norabussenius.de\/wp-content\/uploads\/2019\/06\/Bildschirmfoto-2019-05-15-um-22.20.52-300x130.png 300w, http:\/\/norabussenius.de\/wp-content\/uploads\/2019\/06\/Bildschirmfoto-2019-05-15-um-22.20.52-768x332.png 768w, http:\/\/norabussenius.de\/wp-content\/uploads\/2019\/06\/Bildschirmfoto-2019-05-15-um-22.20.52.png 965w\" sizes=\"(max-width: 300px) 100vw, 300px\" \/><\/a><\/p>\n<p><a href=\"https:\/\/www.youtube.com\/watch?v=Q27vTAsXFtk\">UA &#8222;Miyu&#8220; am Theater Heidelberg\u00a0\u00a0\u00a0\u00a0\u00a0\u00a0\u00a0\u00a0\u00a0\u00a0\u00a0\u00a0\u00a0\u00a0\u00a0\u00a0\u00a0\u00a0\u00a0\u00a0\u00a0\u00a0\u00a0\u00a0\u00a0\u00a0\u00a0\u00a0\u00a0\u00a0\u00a0\u00a0\u00a0\u00a0\u00a0\u00a0\u00a0\u00a0\u00a0\u00a0\u00a0\u00a0\u00a0\u00a0\u00a0\u00a0\u00a0\u00a0\u00a0\u00a0\u00a0\u00a0\u00a0\u00a0\u00a0\u00a0\u00a0\u00a0\u00a0\u00a0\u00a0\u00a0\u00a0\u00a0\u00a0\u00a0\u00a0\u00a0\u00a0\u00a0\u00a0\u00a0\u00a0\u00a0\u00a0\u00a0\u00a0\u00a0\u00a0\u00a0<\/a><a href=\"https:\/\/www.youtube.com\/watch?v=Q27vTAsXFtk\">Miyu-Trailer<\/a><\/p>\n<p><a href=\"http:\/\/norabussenius.de\/wp-content\/uploads\/2018\/09\/Mail-Anhang.png\"><img loading=\"lazy\" decoding=\"async\" class=\"alignnone size-medium wp-image-615\" src=\"http:\/\/norabussenius.de\/wp-content\/uploads\/2018\/09\/Mail-Anhang-300x144.png\" alt=\"Mail-Anhang\" width=\"300\" height=\"144\" srcset=\"http:\/\/norabussenius.de\/wp-content\/uploads\/2018\/09\/Mail-Anhang-300x144.png 300w, http:\/\/norabussenius.de\/wp-content\/uploads\/2018\/09\/Mail-Anhang.png 1004w\" sizes=\"(max-width: 300px) 100vw, 300px\" \/><\/a><\/p>\n<p><a href=\"https:\/\/www.youtube.com\/watch?v=CXRDMhfPd3U\">&#8222;Schneewei\u00dfchen und Rosenrot&#8220; am Theater Bielefeld \u00a0 \u00a0 \u00a0 \u00a0 \u00a0 \u00a0 \u00a0 \u00a0 \u00a0 \u00a0 \u00a0 \u00a0 \u00a0 \u00a0 \u00a0 \u00a0 \u00a0 \u00a0 \u00a0 \u00a0 \u00a0 \u00a0 \u00a0 \u00a0 \u00a0 \u00a0 \u00a0 \u00a0 \u00a0 \u00a0Schneerot-Trailer<\/a><\/p>\n<p><a href=\"http:\/\/norabussenius.de\/wp-content\/uploads\/2017\/01\/MG_9413.jpg\"><img loading=\"lazy\" decoding=\"async\" class=\"alignnone size-medium wp-image-589\" src=\"http:\/\/norabussenius.de\/wp-content\/uploads\/2017\/01\/MG_9413-300x197.jpg\" alt=\"_MG_9413\" width=\"300\" height=\"197\" srcset=\"http:\/\/norabussenius.de\/wp-content\/uploads\/2017\/01\/MG_9413-300x197.jpg 300w, http:\/\/norabussenius.de\/wp-content\/uploads\/2017\/01\/MG_9413-1024x675.jpg 1024w\" sizes=\"(max-width: 300px) 100vw, 300px\" \/><\/a><\/p>\n<p><a href=\"https:\/\/www.youtube.com\/watch?v=4ZbYLBYnPHo\">&#8222;Drei Haseln\u00fcsse f\u00fcr Aschenbr\u00f6del&#8220; am Staatstheater Mainz \u00a0 \u00a0 \u00a0 \u00a0 \u00a0 \u00a0 \u00a0 \u00a0 \u00a0 \u00a0 \u00a0 \u00a0 \u00a0 \u00a0 \u00a0 \u00a0 \u00a0 \u00a0 \u00a0 \u00a0 \u00a0 \u00a0 \u00a0Aschenbr\u00f6del-Trailer<\/a><\/p>\n<p><a href=\"http:\/\/norabussenius.de\/wp-content\/uploads\/2016\/03\/image012.jpg\"><img loading=\"lazy\" decoding=\"async\" class=\"alignnone size-medium wp-image-577\" src=\"http:\/\/norabussenius.de\/wp-content\/uploads\/2016\/03\/image012-300x128.jpg\" alt=\"image012\" width=\"300\" height=\"128\" srcset=\"http:\/\/norabussenius.de\/wp-content\/uploads\/2016\/03\/image012-300x128.jpg 300w, http:\/\/norabussenius.de\/wp-content\/uploads\/2016\/03\/image012.jpg 800w\" sizes=\"(max-width: 300px) 100vw, 300px\" \/><\/a><\/p>\n<p><a href=\"https:\/\/vimeo.com\/155896204\">Urauff\u00fchrung &#8222;Der goldene Ronny&#8220; am Landestheater Schleswig-Holstein \u00a0 \u00a0 \u00a0 \u00a0 \u00a0 \u00a0 \u00a0 \u00a0 \u00a0 \u00a0 \u00a0 \u00a0 \u00a0 \u00a0 \u00a0 \u00a0 \u00a0 \u00a0 \u00a0 \u00a0 \u00a0 \u00a0 Ronny-Trailer<\/a><\/p>\n<p><a href=\"http:\/\/norabussenius.de\/wp-content\/uploads\/2016\/01\/Bildschirmfoto-2015-11-29-um-15.14.35.png\"><img loading=\"lazy\" decoding=\"async\" class=\"alignnone size-medium wp-image-562\" src=\"http:\/\/norabussenius.de\/wp-content\/uploads\/2016\/01\/Bildschirmfoto-2015-11-29-um-15.14.35-300x241.png\" alt=\"Bildschirmfoto 2015-11-29 um 15.14.35\" width=\"300\" height=\"241\" srcset=\"http:\/\/norabussenius.de\/wp-content\/uploads\/2016\/01\/Bildschirmfoto-2015-11-29-um-15.14.35-300x241.png 300w, http:\/\/norabussenius.de\/wp-content\/uploads\/2016\/01\/Bildschirmfoto-2015-11-29-um-15.14.35.png 612w\" sizes=\"(max-width: 300px) 100vw, 300px\" \/><\/a><\/p>\n<p style=\"text-align: left;\"><span style=\"color: #ffffff;\">&#8222;Die Br\u00fcder L\u00f6wenherz&#8220; von Astrid Lindgren, Staatstheater Oldenburg<\/span>\u00a0 \u00a0 \u00a0 \u00a0 \u00a0 \u00a0 \u00a0 \u00a0 \u00a0 \u00a0 \u00a0 \u00a0 \u00a0 \u00a0 \u00a0 \u00a0 \u00a0 \u00a0 \u00a0 \u00a0 \u00a0 \u00a0 \u00a0 \u00a0<a href=\"https:\/\/www.youtube.com\/watch?v=8XMMhaVKB1Y\">\u00a0L\u00f6wenherz-Teaser<\/a><\/p>\n<p style=\"text-align: right;\"><a style=\"line-height: 1.5em;\" href=\"https:\/\/www.youtube.com\/watch?v=KJVgRvb1H0k\">L\u00f6wenherz-Trailer\u00a0<\/a><\/p>\n<p><a href=\"http:\/\/norabussenius.de\/wp-content\/uploads\/2015\/01\/MIO_Faltplakat_R\u00fcckseite1.png\"><img loading=\"lazy\" decoding=\"async\" class=\"alignnone size-medium wp-image-491\" src=\"http:\/\/norabussenius.de\/wp-content\/uploads\/2015\/01\/MIO_Faltplakat_R\u00fcckseite1-300x206.png\" alt=\"MIO_Faltplakat_R\u00fcckseite(1)\" width=\"300\" height=\"206\" srcset=\"http:\/\/norabussenius.de\/wp-content\/uploads\/2015\/01\/MIO_Faltplakat_R\u00fcckseite1-300x206.png 300w, http:\/\/norabussenius.de\/wp-content\/uploads\/2015\/01\/MIO_Faltplakat_R\u00fcckseite1-1024x703.png 1024w, http:\/\/norabussenius.de\/wp-content\/uploads\/2015\/01\/MIO_Faltplakat_R\u00fcckseite1-220x150.png 220w\" sizes=\"(max-width: 300px) 100vw, 300px\" \/><\/a><\/p>\n<p><span style=\"color: #ffffff;\">&#8222;Mio, mein Mio&#8220; von Astrid Lindgren, Staatstheater Darmstadt<\/span> \u00a0 \u00a0 \u00a0 \u00a0 \u00a0 \u00a0 \u00a0 \u00a0 \u00a0 \u00a0 \u00a0 \u00a0 \u00a0 \u00a0 \u00a0 <a href=\"http:\/\/vimeo.com\/112058838\" target=\"_blank\" rel=\"noopener noreferrer\">\u00a0Mio mein Mio-Trailer<\/a><\/p>\n<p><a href=\"http:\/\/vimeo.com\/112058838\" target=\"_blank\" rel=\"noopener noreferrer\"><img loading=\"lazy\" decoding=\"async\" class=\"alignnone size-medium wp-image-489\" src=\"http:\/\/norabussenius.de\/wp-content\/uploads\/2015\/01\/DSC_1591_SCHATZINSEL_Schatzinsel-300x199.jpeg\" alt=\"DSC_1591_SCHATZINSEL_Schatzinsel\" width=\"300\" height=\"199\" srcset=\"http:\/\/norabussenius.de\/wp-content\/uploads\/2015\/01\/DSC_1591_SCHATZINSEL_Schatzinsel-300x199.jpeg 300w, http:\/\/norabussenius.de\/wp-content\/uploads\/2015\/01\/DSC_1591_SCHATZINSEL_Schatzinsel-1024x681.jpeg 1024w\" sizes=\"(max-width: 300px) 100vw, 300px\" \/><\/a><\/p>\n<p><span style=\"color: #ffffff;\">&#8222;Die Schatzinsel&#8220; von Robert Louis Stevenson, Baden-W\u00fcrttembergisches Landestheater<\/span> \u00a0 \u00a0 \u00a0 \u00a0 \u00a0 \u00a0<a href=\"http:\/\/vimeo.com\/113916556\" target=\"_blank\" rel=\"noopener noreferrer\"> \u00a0Schatzinsel-Trailer<\/a><\/p>\n<p>[slideshow_deploy id=&#8217;217&#8242;]<\/p>\n<p><span style=\"color: #ffffff;\">UA &#8222;Undine, die kleine Meerjungfrau&#8220; von Franziska Steiof, Junges Schauspielhaus D\u00fcsseldorf\u00a0 \u00a0<\/span>\u00a0 \u00a0 \u00a0 \u00a0<a href=\"https:\/\/www.youtube.com\/watch?v=TDRK3j_ffQ0\" target=\"_blank\" rel=\"noopener noreferrer\">Undine-Trailer<\/a><span style=\"color: #333333; line-height: 1.5em;\"><br \/><\/span><\/p>\n<p>[slideshow_deploy id=&#8217;363&#8242;]<\/p>\n<p><span style=\"color: #ffffff;\">UA &#8222;Verkleidete Diamanten&#8220; \u00a0&#8211; ein Kinderst\u00fcck \u00fcber den Tod- von Nora Backhaus,<br \/>Baden-W\u00fcrttembergische Landesb\u00fchne<\/span><a href=\"http:\/\/norabussenius.theaterblogs.de\/?page_id=147\" target=\"_blank\" rel=\"noopener noreferrer\"><br \/><\/a><\/p>\n<p>[slideshow_deploy id=&#8217;320&#8242;]<\/p>\n<p><span style=\"color: #ffffff;\">&#8222;K\u00f6nig Ubu&#8220; von Alfred Jarry, \u00a0Theater und Schule\/Bayerische Staatstheater<\/span><\/p>\n\n\n<p><\/p>\n\n\n\n<p><\/p>\n\n\n\n<p><\/p>\n","protected":false},"excerpt":{"rendered":"<p>&#8222;Die kleine Hexe&#8220; am Landestheater der Altmark\u00a0\u00a0\u00a0\u00a0\u00a0\u00a0\u00a0\u00a0\u00a0\u00a0\u00a0\u00a0\u00a0\u00a0\u00a0\u00a0\u00a0\u00a0\u00a0\u00a0\u00a0\u00a0\u00a0\u00a0\u00a0\u00a0\u00a0\u00a0\u00a0\u00a0\u00a0\u00a0\u00a0\u00a0\u00a0\u00a0\u00a0\u00a0\u00a0\u00a0\u00a0\u00a0 Trailer Hexe &#8222;Sagt der Walfisch zum Thunfisch&#8220; am&#8230;<\/p>\n","protected":false},"author":1,"featured_media":0,"parent":114,"menu_order":0,"comment_status":"closed","ping_status":"closed","template":"","meta":{"footnotes":""},"_links":{"self":[{"href":"http:\/\/norabussenius.de\/index.php?rest_route=\/wp\/v2\/pages\/492"}],"collection":[{"href":"http:\/\/norabussenius.de\/index.php?rest_route=\/wp\/v2\/pages"}],"about":[{"href":"http:\/\/norabussenius.de\/index.php?rest_route=\/wp\/v2\/types\/page"}],"author":[{"embeddable":true,"href":"http:\/\/norabussenius.de\/index.php?rest_route=\/wp\/v2\/users\/1"}],"replies":[{"embeddable":true,"href":"http:\/\/norabussenius.de\/index.php?rest_route=%2Fwp%2Fv2%2Fcomments&post=492"}],"version-history":[{"count":40,"href":"http:\/\/norabussenius.de\/index.php?rest_route=\/wp\/v2\/pages\/492\/revisions"}],"predecessor-version":[{"id":691,"href":"http:\/\/norabussenius.de\/index.php?rest_route=\/wp\/v2\/pages\/492\/revisions\/691"}],"up":[{"embeddable":true,"href":"http:\/\/norabussenius.de\/index.php?rest_route=\/wp\/v2\/pages\/114"}],"wp:attachment":[{"href":"http:\/\/norabussenius.de\/index.php?rest_route=%2Fwp%2Fv2%2Fmedia&parent=492"}],"curies":[{"name":"wp","href":"https:\/\/api.w.org\/{rel}","templated":true}]}}