{"id":499,"date":"2015-01-29T12:33:31","date_gmt":"2015-01-29T10:33:31","guid":{"rendered":"http:\/\/norabussenius.de\/?page_id=499"},"modified":"2024-02-16T16:13:15","modified_gmt":"2024-02-16T14:13:15","slug":"schauspiel","status":"publish","type":"page","link":"http:\/\/norabussenius.de\/?page_id=499","title":{"rendered":"Schauspiel"},"content":{"rendered":"\n<figure class=\"wp-block-image size-large\"><img loading=\"lazy\" decoding=\"async\" width=\"1024\" height=\"686\" src=\"http:\/\/norabussenius.de\/wp-content\/uploads\/2023\/06\/Bildschirmfoto-2023-02-26-um-20.32.52-1024x686.png\" alt=\"\" class=\"wp-image-656\" srcset=\"http:\/\/norabussenius.de\/wp-content\/uploads\/2023\/06\/Bildschirmfoto-2023-02-26-um-20.32.52-1024x686.png 1024w, http:\/\/norabussenius.de\/wp-content\/uploads\/2023\/06\/Bildschirmfoto-2023-02-26-um-20.32.52-300x201.png 300w, http:\/\/norabussenius.de\/wp-content\/uploads\/2023\/06\/Bildschirmfoto-2023-02-26-um-20.32.52-768x514.png 768w, http:\/\/norabussenius.de\/wp-content\/uploads\/2023\/06\/Bildschirmfoto-2023-02-26-um-20.32.52.png 1195w\" sizes=\"(max-width: 1024px) 100vw, 1024px\" \/><figcaption class=\"wp-element-caption\">Anne Frank, Staatsoper Augsburg, Trailer <a href=\"https:\/\/www.youtube.com\/watch?v=EHWiV_T6JSQ\">https:\/\/www.youtube.com\/watch?v=EHWiV_T6JSQ<\/a><\/figcaption><\/figure>\n\n\n\n<figure class=\"wp-block-image size-large\"><img loading=\"lazy\" decoding=\"async\" width=\"1024\" height=\"707\" src=\"http:\/\/norabussenius.de\/wp-content\/uploads\/2023\/06\/Bildschirmfoto-2023-06-05-um-12.47.07-1-1024x707.png\" alt=\"\" class=\"wp-image-667\" srcset=\"http:\/\/norabussenius.de\/wp-content\/uploads\/2023\/06\/Bildschirmfoto-2023-06-05-um-12.47.07-1-1024x707.png 1024w, http:\/\/norabussenius.de\/wp-content\/uploads\/2023\/06\/Bildschirmfoto-2023-06-05-um-12.47.07-1-300x207.png 300w, http:\/\/norabussenius.de\/wp-content\/uploads\/2023\/06\/Bildschirmfoto-2023-06-05-um-12.47.07-1-768x531.png 768w, http:\/\/norabussenius.de\/wp-content\/uploads\/2023\/06\/Bildschirmfoto-2023-06-05-um-12.47.07-1.png 1158w\" sizes=\"(max-width: 1024px) 100vw, 1024px\" \/><figcaption class=\"wp-element-caption\">Bookpink von Caren Je\u00df, Deutsche Erstauff\u00fchrung, Stadttheater Gie\u00dfen <a href=\"https:\/\/vimeo.com\/user20826958\">Trailer<\/a><\/figcaption><\/figure>\n\n\n\n<figure class=\"wp-block-image size-large\"><img loading=\"lazy\" decoding=\"async\" width=\"914\" height=\"800\" src=\"http:\/\/norabussenius.de\/wp-content\/uploads\/2023\/06\/Bildschirmfoto-2023-06-05-um-13.09.01.png\" alt=\"\" class=\"wp-image-677\" srcset=\"http:\/\/norabussenius.de\/wp-content\/uploads\/2023\/06\/Bildschirmfoto-2023-06-05-um-13.09.01.png 914w, http:\/\/norabussenius.de\/wp-content\/uploads\/2023\/06\/Bildschirmfoto-2023-06-05-um-13.09.01-300x263.png 300w, http:\/\/norabussenius.de\/wp-content\/uploads\/2023\/06\/Bildschirmfoto-2023-06-05-um-13.09.01-768x672.png 768w\" sizes=\"(max-width: 914px) 100vw, 914px\" \/><figcaption class=\"wp-element-caption\">Stolz und Vorurteil* oder so, Stadttheater Osnabr\u00fcck<\/figcaption><\/figure>\n\n\n<div class=\"wp-block-image\">\n<figure class=\"alignleft size-large\"><img loading=\"lazy\" decoding=\"async\" width=\"1024\" height=\"724\" src=\"http:\/\/norabussenius.de\/wp-content\/uploads\/2023\/06\/Bildschirmfoto-2023-06-05-um-12.44.08-1-1024x724.png\" alt=\"\" class=\"wp-image-675\" srcset=\"http:\/\/norabussenius.de\/wp-content\/uploads\/2023\/06\/Bildschirmfoto-2023-06-05-um-12.44.08-1-1024x724.png 1024w, http:\/\/norabussenius.de\/wp-content\/uploads\/2023\/06\/Bildschirmfoto-2023-06-05-um-12.44.08-1-300x212.png 300w, http:\/\/norabussenius.de\/wp-content\/uploads\/2023\/06\/Bildschirmfoto-2023-06-05-um-12.44.08-1-768x543.png 768w, http:\/\/norabussenius.de\/wp-content\/uploads\/2023\/06\/Bildschirmfoto-2023-06-05-um-12.44.08-1.png 1132w\" sizes=\"(max-width: 1024px) 100vw, 1024px\" \/><figcaption class=\"wp-element-caption\">Kleiner Prinz, Neue B\u00fchne Senftenberg<\/figcaption><\/figure><\/div>\n\n\n<figure class=\"wp-block-image size-large\"><img loading=\"lazy\" decoding=\"async\" width=\"1024\" height=\"661\" src=\"http:\/\/norabussenius.de\/wp-content\/uploads\/2023\/06\/Bildschirmfoto-2023-06-05-um-13.11.58-1024x661.png\" alt=\"\" class=\"wp-image-680\" srcset=\"http:\/\/norabussenius.de\/wp-content\/uploads\/2023\/06\/Bildschirmfoto-2023-06-05-um-13.11.58-1024x661.png 1024w, http:\/\/norabussenius.de\/wp-content\/uploads\/2023\/06\/Bildschirmfoto-2023-06-05-um-13.11.58-300x194.png 300w, http:\/\/norabussenius.de\/wp-content\/uploads\/2023\/06\/Bildschirmfoto-2023-06-05-um-13.11.58-768x495.png 768w, http:\/\/norabussenius.de\/wp-content\/uploads\/2023\/06\/Bildschirmfoto-2023-06-05-um-13.11.58.png 1240w\" sizes=\"(max-width: 1024px) 100vw, 1024px\" \/><figcaption class=\"wp-element-caption\">Iphigenie auf Tauris, Junges Staatstheater Berlin, <a href=\"https:\/\/www.youtube.com\/watch?v=GT3kJmDY-JY\">Trailer<\/a><\/figcaption><\/figure>\n\n\n\n<figure class=\"wp-block-image size-large\"><img loading=\"lazy\" decoding=\"async\" width=\"593\" height=\"800\" src=\"http:\/\/norabussenius.de\/wp-content\/uploads\/2023\/06\/Bildschirmfoto-2023-06-05-um-12.58.43.png\" alt=\"\" class=\"wp-image-668\" srcset=\"http:\/\/norabussenius.de\/wp-content\/uploads\/2023\/06\/Bildschirmfoto-2023-06-05-um-12.58.43.png 593w, http:\/\/norabussenius.de\/wp-content\/uploads\/2023\/06\/Bildschirmfoto-2023-06-05-um-12.58.43-222x300.png 222w\" sizes=\"(max-width: 593px) 100vw, 593px\" \/><figcaption class=\"wp-element-caption\">N\u00e4chstes Jahr, gleiche Zeit, Landestheater der Altmark<\/figcaption><\/figure>\n\n\n\n<figure class=\"wp-block-image size-large\"><img loading=\"lazy\" decoding=\"async\" width=\"1024\" height=\"640\" src=\"http:\/\/norabussenius.de\/wp-content\/uploads\/2023\/06\/Ohne-Titel-1024x640.png\" alt=\"\" class=\"wp-image-682\" srcset=\"http:\/\/norabussenius.de\/wp-content\/uploads\/2023\/06\/Ohne-Titel-1024x640.png 1024w, http:\/\/norabussenius.de\/wp-content\/uploads\/2023\/06\/Ohne-Titel-300x188.png 300w, http:\/\/norabussenius.de\/wp-content\/uploads\/2023\/06\/Ohne-Titel-768x480.png 768w, http:\/\/norabussenius.de\/wp-content\/uploads\/2023\/06\/Ohne-Titel.png 1280w\" sizes=\"(max-width: 1024px) 100vw, 1024px\" \/><figcaption class=\"wp-element-caption\">Foxfinder, Theater Chemnitz, <a href=\"https:\/\/vimeo.com\/207876049\">Trailer<\/a><\/figcaption><\/figure>\n\n\n\n<figure class=\"wp-block-image size-large\"><img loading=\"lazy\" decoding=\"async\" width=\"1024\" height=\"639\" src=\"http:\/\/norabussenius.de\/wp-content\/uploads\/2023\/06\/Bildschirmfoto-2023-06-05-um-13.01.28-1024x639.png\" alt=\"\" class=\"wp-image-670\" srcset=\"http:\/\/norabussenius.de\/wp-content\/uploads\/2023\/06\/Bildschirmfoto-2023-06-05-um-13.01.28-1024x639.png 1024w, http:\/\/norabussenius.de\/wp-content\/uploads\/2023\/06\/Bildschirmfoto-2023-06-05-um-13.01.28-300x187.png 300w, http:\/\/norabussenius.de\/wp-content\/uploads\/2023\/06\/Bildschirmfoto-2023-06-05-um-13.01.28-768x479.png 768w, http:\/\/norabussenius.de\/wp-content\/uploads\/2023\/06\/Bildschirmfoto-2023-06-05-um-13.01.28.png 1280w\" sizes=\"(max-width: 1024px) 100vw, 1024px\" \/><figcaption class=\"wp-element-caption\">F\u00fcr mich soll&#8217;s rote Rosen regnen, Landestheater der Altmark<\/figcaption><\/figure>\n\n\n\n<figure class=\"wp-block-image size-large\"><img loading=\"lazy\" decoding=\"async\" width=\"569\" height=\"800\" src=\"http:\/\/norabussenius.de\/wp-content\/uploads\/2023\/06\/Bildschirmfoto-2023-06-05-um-13.03.57.png\" alt=\"\" class=\"wp-image-672\" srcset=\"http:\/\/norabussenius.de\/wp-content\/uploads\/2023\/06\/Bildschirmfoto-2023-06-05-um-13.03.57.png 569w, http:\/\/norabussenius.de\/wp-content\/uploads\/2023\/06\/Bildschirmfoto-2023-06-05-um-13.03.57-213x300.png 213w\" sizes=\"(max-width: 569px) 100vw, 569px\" \/><figcaption class=\"wp-element-caption\">Die K\u00e4nguru Chroniken von Marc-Uwe Kling, am Landestheater der Altmark<\/figcaption><\/figure>\n\n\n<p><span style=\"color: #ffffff;\">Besuch der alten Dame, Landestheater Schleswig-Holstein &#8211; LOCKDOWN<\/span><\/p>\n<p><span style=\"color: #ffffff;\"><a href=\"http:\/\/norabussenius.de\/wp-content\/uploads\/2020\/09\/Bildschirmfoto-2020-03-29-um-20.29.21.png\"><img loading=\"lazy\" decoding=\"async\" class=\"alignnone size-medium wp-image-649\" src=\"http:\/\/norabussenius.de\/wp-content\/uploads\/2020\/09\/Bildschirmfoto-2020-03-29-um-20.29.21-300x212.png\" alt=\"\" width=\"300\" height=\"212\" srcset=\"http:\/\/norabussenius.de\/wp-content\/uploads\/2020\/09\/Bildschirmfoto-2020-03-29-um-20.29.21-300x212.png 300w, http:\/\/norabussenius.de\/wp-content\/uploads\/2020\/09\/Bildschirmfoto-2020-03-29-um-20.29.21-1024x724.png 1024w, http:\/\/norabussenius.de\/wp-content\/uploads\/2020\/09\/Bildschirmfoto-2020-03-29-um-20.29.21-768x543.png 768w, http:\/\/norabussenius.de\/wp-content\/uploads\/2020\/09\/Bildschirmfoto-2020-03-29-um-20.29.21.png 1131w\" sizes=\"(max-width: 300px) 100vw, 300px\" \/><\/a><\/span><\/p>\n<p><span style=\"color: #ffffff;\"><a href=\"https:\/\/www.youtube.com\/watch?v=p_iWDMXsGJo\"><span style=\"color: #ffffff;\">Hexenjagd, Landestheater Schleswig-Holstein \u00a0 \u00a0 \u00a0 \u00a0 \u00a0 \u00a0 \u00a0 \u00a0 \u00a0 \u00a0 \u00a0 \u00a0 \u00a0 \u00a0 \u00a0 Trailer Hexenjagd<\/span><\/a><\/span><\/p>\n<p><a href=\"http:\/\/norabussenius.de\/wp-content\/uploads\/2017\/06\/hexenjagd-4367.jpg\"><img loading=\"lazy\" decoding=\"async\" class=\"alignnone size-medium wp-image-604\" src=\"http:\/\/norabussenius.de\/wp-content\/uploads\/2017\/06\/hexenjagd-4367-200x300.jpg\" alt=\"hexenjagd-4367\" width=\"200\" height=\"300\" srcset=\"http:\/\/norabussenius.de\/wp-content\/uploads\/2017\/06\/hexenjagd-4367-200x300.jpg 200w, http:\/\/norabussenius.de\/wp-content\/uploads\/2017\/06\/hexenjagd-4367-682x1024.jpg 682w\" sizes=\"(max-width: 200px) 100vw, 200px\" \/><\/a><\/p>\n<p><a href=\"https:\/\/www.youtube.com\/watch?v=nHZffydqeMU\">Anne Frank, Theater der Altmark \u00a0 \u00a0 \u00a0 \u00a0 \u00a0 \u00a0 \u00a0 \u00a0Trailer Anne Frank<\/a><\/p>\n<p><a href=\"http:\/\/norabussenius.de\/wp-content\/uploads\/2017\/01\/annefrank354roh.jpg\"><img loading=\"lazy\" decoding=\"async\" class=\"alignnone size-medium wp-image-588\" src=\"http:\/\/norabussenius.de\/wp-content\/uploads\/2017\/01\/annefrank354roh-300x199.jpg\" alt=\"Nora Bussenius inszeniert nach dem Tagebuch von Anne Frank: Anne Frank. Theater der Altmark Stendal, Premiere 14. Januar 2017.\" width=\"300\" height=\"199\" srcset=\"http:\/\/norabussenius.de\/wp-content\/uploads\/2017\/01\/annefrank354roh-300x199.jpg 300w, http:\/\/norabussenius.de\/wp-content\/uploads\/2017\/01\/annefrank354roh-1024x682.jpg 1024w, http:\/\/norabussenius.de\/wp-content\/uploads\/2017\/01\/annefrank354roh.jpg 2048w\" sizes=\"(max-width: 300px) 100vw, 300px\" \/><\/a><\/p>\n<p><a href=\"http:\/\/norabussenius.de\/?page_id=38 \">Sechs Tanzstunden in sechs Wochen, Theater der Altmark <\/a>\u00a0 \u00a0 <a href=\"https:\/\/www.youtube.com\/watch?v=duVHxhVlW90\">Trailer Tanzstunden<\/a><\/p>\n<p style=\"text-align: center;\"><a href=\"http:\/\/norabussenius.de\/wp-content\/uploads\/2015\/11\/6tanzstunden302rohm.jpg\"><img loading=\"lazy\" decoding=\"async\" class=\"size-medium wp-image-541 aligncenter\" src=\"http:\/\/norabussenius.de\/wp-content\/uploads\/2015\/11\/6tanzstunden302rohm-300x199.jpg\" alt=\"Nora Bussenius inszeniert die Komoedie &quot; Sechs Tanzstunden ... &quot; am Theater der Altmark, Stendal. Premiere: 26. September 2015.\" width=\"300\" height=\"199\" srcset=\"http:\/\/norabussenius.de\/wp-content\/uploads\/2015\/11\/6tanzstunden302rohm-300x199.jpg 300w, http:\/\/norabussenius.de\/wp-content\/uploads\/2015\/11\/6tanzstunden302rohm-1024x682.jpg 1024w, http:\/\/norabussenius.de\/wp-content\/uploads\/2015\/11\/6tanzstunden302rohm.jpg 2048w\" sizes=\"(max-width: 300px) 100vw, 300px\" \/><\/a><\/p>\n<p>\u00a0<\/p>\n\n\n<p><\/p>\n\n\n\n<p><\/p>\n\n\n\n<p><\/p>\n","protected":false},"excerpt":{"rendered":"<p>Besuch der alten Dame, Landestheater Schleswig-Holstein &#8211; LOCKDOWN Hexenjagd, Landestheater Schleswig-Holstein \u00a0 \u00a0 \u00a0 \u00a0&#8230;<\/p>\n","protected":false},"author":1,"featured_media":0,"parent":114,"menu_order":0,"comment_status":"closed","ping_status":"closed","template":"","meta":{"footnotes":""},"_links":{"self":[{"href":"http:\/\/norabussenius.de\/index.php?rest_route=\/wp\/v2\/pages\/499"}],"collection":[{"href":"http:\/\/norabussenius.de\/index.php?rest_route=\/wp\/v2\/pages"}],"about":[{"href":"http:\/\/norabussenius.de\/index.php?rest_route=\/wp\/v2\/types\/page"}],"author":[{"embeddable":true,"href":"http:\/\/norabussenius.de\/index.php?rest_route=\/wp\/v2\/users\/1"}],"replies":[{"embeddable":true,"href":"http:\/\/norabussenius.de\/index.php?rest_route=%2Fwp%2Fv2%2Fcomments&post=499"}],"version-history":[{"count":28,"href":"http:\/\/norabussenius.de\/index.php?rest_route=\/wp\/v2\/pages\/499\/revisions"}],"predecessor-version":[{"id":718,"href":"http:\/\/norabussenius.de\/index.php?rest_route=\/wp\/v2\/pages\/499\/revisions\/718"}],"up":[{"embeddable":true,"href":"http:\/\/norabussenius.de\/index.php?rest_route=\/wp\/v2\/pages\/114"}],"wp:attachment":[{"href":"http:\/\/norabussenius.de\/index.php?rest_route=%2Fwp%2Fv2%2Fmedia&parent=499"}],"curies":[{"name":"wp","href":"https:\/\/api.w.org\/{rel}","templated":true}]}}